{"id":551,"date":"2024-02-07T08:46:04","date_gmt":"2024-02-07T07:46:04","guid":{"rendered":"https:\/\/www.flatworldphoto.com\/griechenland\/?page_id=551"},"modified":"2024-03-01T16:21:02","modified_gmt":"2024-03-01T15:21:02","slug":"lizenzanfrage","status":"publish","type":"page","link":"https:\/\/www.flatworldphoto.com\/griechenland\/lizenzanfrage\/","title":{"rendered":"Lizenzanfrage"},"content":{"rendered":"<p>Anfrage nach <strong>Foto-, Slider- oder Videolizenzen<\/strong>, z.B. f\u00fcr Ihr <strong>Unternehmen<\/strong>, Ihre <strong>Organisation<\/strong>, Ihre <strong>Online- oder Verlagsver\u00f6ffentlichung<\/strong>, richten Sie bitte an<\/p>\n<p style=\"text-align: center;\">\u00a0<a href=\"mailto:info@flatworldphoto.com\"><strong>info@flatworldphoto.com<\/strong><\/a><\/p>\n<p>oder nutzen Sie gerne das <strong>Kontaktformular<\/strong> unten.<\/p>\n<p>&nbsp;<\/p>\n<p><b>Die nachfolgenden Lizenzierungsm\u00f6glichkeiten richten sich nur an Unternehmer im Sinne des \u00a7 14 des B\u00fcrgerlichen Gesetzbuches (nat\u00fcrliche oder juristische Personen oder rechtsf\u00e4hige Personengesellschaften, die bei Abschluss eines Rechtsgesch\u00e4fts in Aus\u00fcbung ihrer gewerblichen oder selbst\u00e4ndigen beruflichen T\u00e4tigkeit handeln).<\/b><\/p>\n<p>&nbsp;<\/p>\n<p><strong>Nutzungsart: online im Internet<\/strong><\/p>\n<p>Es gibt zwei Lizenzvarianten:<\/p>\n<p><strong><br \/>\nLizenzvariante 1 (kostenlos):<\/strong><\/p>\n<p>Sie nutzen das Medium mit <strong>Copyright-Angabe auf dem Medium<\/strong> (\u00a9 Stefan Ricke | flatworldphoto.com).<\/p>\n<p>Sie nehmen <strong>zus\u00e4tzlich<\/strong> eine <strong>Copyright-Angabe in Ihr Impressum<\/strong> oder Ihre Bildnachweis-Rubrik auf (Bezeichnung des Mediums: \u00a9 Stefan Ricke | flatworldphoto.com).<\/p>\n<p>Sie nehmen <strong>zudem<\/strong> einen <strong>Link<\/strong> <strong>zur Website unter www.flatworldphoto.com<\/strong> in Ihr Impressum oder Ihre Bildnachweis-Rubrik auf.<\/p>\n<p>&nbsp;<\/p>\n<p><strong>Lizenzvariante 2 (kostenpflichtig):<\/strong><\/p>\n<p>Sie nutzen das Medium <strong>ohne Copyright-Angabe auf dem Medium<\/strong>.<\/p>\n<p>Sie nehmen jedoch eine <strong>Copyright-Angabe in Ihr Impressum<\/strong> oder Ihre Bildnachweis-Rubrik auf (Bezeichnung des Mediums: \u00a9 Stefan Ricke | flatworldphoto.com).<\/p>\n<p>Sie setzen einen <strong>Link zu www.flatworldphoto.com optional<\/strong> (keine Pflicht).<\/p>\n<p>&nbsp;<\/p>\n<p>Wenn Sie an einer Lizenzierung interessiert sind, teilen Sie uns bitte mit, an <strong>welchem Foto \/ Slider \/ Video<\/strong> Sie interessiert sind (bitte nennen Sie die <strong>Art des Mediums<\/strong>, die <strong>Bezeichnung der Galerie,<\/strong> <strong>Kurzbeschreibung des Mediums<\/strong> und die <strong>Position des Mediums innerhalb der Galerie<\/strong> <strong>\u00bb<\/strong> Z\u00e4hlweise: von links nach rechts \/ von oben nach unten <strong>\u00bb<\/strong> <strong>z.B. Foto &#8211; Kreta &#8211; Windm\u00fchlen &#8211; Position 7<\/strong>), f\u00fcr <strong>welche Website<\/strong> es gedacht ist und an <strong>welcher konkreten Stelle<\/strong>, <strong>wie gro\u00df<\/strong> das Medium auf Ihrer Website sein soll, f\u00fcr <strong>welchen Zweck<\/strong> und f\u00fcr <strong>welche Dauer<\/strong> Sie eine Lizenzierung w\u00fcnschen und und <strong>welche der beiden Lizenzvarianten<\/strong> Sie favorisieren.<\/p>\n<p>Im Falle einer Lizenzierung \u00fcbermittlen wir Ihnen bei der <strong>Lizenzvariante 1<\/strong> das Medium in entsprechender Aufl\u00f6sung mit Copyright-Angabe zur Ver\u00f6ffentlichung auf Ihrer Website; bei der <strong>Lizenzvariante 2<\/strong> unterbreiten wir Ihnen zun\u00e4chst ein Angebot.<\/p>\n<p><strong>Eine Lizenzierung bedarf in jedem Fall einer vorherigen Zustimmung unsererseits in Textform.<\/strong><\/p>\n<p>&nbsp;<\/p>\n<p><strong>Andere Nutzungsarten<\/strong><\/p>\n<p>Lizenzen f\u00fcr weitere Nutzungsarten auf Anfrage.<\/p>\n<p>&nbsp;<\/p>\n<p>&nbsp;<\/p>\n<p><strong>KONTAKTFORMULAR<\/strong><br \/>\n\n<div class=\"wpcf7 no-js\" id=\"wpcf7-f574-o1\" lang=\"de-DE\" dir=\"ltr\">\n<div class=\"screen-reader-response\"><p role=\"status\" aria-live=\"polite\" aria-atomic=\"true\"><\/p> <ul><\/ul><\/div>\n<form action=\"\/griechenland\/wp-json\/wp\/v2\/pages\/551#wpcf7-f574-o1\" method=\"post\" class=\"wpcf7-form init\" aria-label=\"Kontaktformular\" novalidate=\"novalidate\" data-status=\"init\">\n<div style=\"display: none;\">\n<input type=\"hidden\" name=\"_wpcf7\" value=\"574\" \/>\n<input type=\"hidden\" name=\"_wpcf7_version\" value=\"5.8.6\" \/>\n<input type=\"hidden\" name=\"_wpcf7_locale\" value=\"de_DE_formal\" \/>\n<input type=\"hidden\" name=\"_wpcf7_unit_tag\" value=\"wpcf7-f574-o1\" \/>\n<input type=\"hidden\" name=\"_wpcf7_container_post\" value=\"0\" \/>\n<input type=\"hidden\" name=\"_wpcf7_posted_data_hash\" value=\"\" \/>\n<\/div>\n<p><span id=\"wpcf7-69e0bdbdc7921-wrapper\" class=\"wpcf7-form-control-wrap first-name-wrap\" style=\"display:none !important; visibility:hidden !important;\"><label for=\"wpcf7-69e0bdbdc7921-field\" class=\"hp-message\">Bitte lassen Sie dieses Feld leer.<\/label><input id=\"wpcf7-69e0bdbdc7921-field\"  class=\"wpcf7-form-control wpcf7-text\" type=\"text\" name=\"first-name\" value=\"\" size=\"40\" tabindex=\"-1\" autocomplete=\"new-password\" \/><\/span><br \/>\n<span id=\"wpcf7-69e0bdbdc79b2-wrapper\" class=\"wpcf7-form-control-wrap last-name-wrap\" style=\"display:none !important; visibility:hidden !important;\"><label for=\"wpcf7-69e0bdbdc79b2-field\" class=\"hp-message\">Bitte lassen Sie dieses Feld leer.<\/label><input id=\"wpcf7-69e0bdbdc79b2-field\"  class=\"wpcf7-form-control wpcf7-text\" type=\"text\" name=\"last-name\" value=\"\" size=\"40\" tabindex=\"-1\" autocomplete=\"new-password\" \/><\/span><br \/>\n<label> Ihr Name<br \/>\n<span class=\"wpcf7-form-control-wrap\" data-name=\"your-name\"><input size=\"40\" class=\"wpcf7-form-control wpcf7-text wpcf7-validates-as-required\" aria-required=\"true\" aria-invalid=\"false\" value=\"\" type=\"text\" name=\"your-name\" \/><\/span> <\/label>\n<\/p>\n<p><label> Ihre E-Mail-Adresse<br \/>\n<span class=\"wpcf7-form-control-wrap\" data-name=\"your-email\"><input size=\"40\" class=\"wpcf7-form-control wpcf7-email wpcf7-validates-as-required wpcf7-text wpcf7-validates-as-email\" aria-required=\"true\" aria-invalid=\"false\" value=\"\" type=\"email\" name=\"your-email\" \/><\/span> <\/label>\n<\/p>\n<p><label> Betreff<br \/>\n<span class=\"wpcf7-form-control-wrap\" data-name=\"your-subject\"><input size=\"40\" class=\"wpcf7-form-control wpcf7-text wpcf7-validates-as-required\" aria-required=\"true\" aria-invalid=\"false\" value=\"\" type=\"text\" name=\"your-subject\" \/><\/span> <\/label>\n<\/p>\n<p><label> Ihre Nachricht (optional)<br \/>\n<span class=\"wpcf7-form-control-wrap\" data-name=\"your-message\"><textarea cols=\"40\" rows=\"10\" class=\"wpcf7-form-control wpcf7-textarea\" aria-invalid=\"false\" name=\"your-message\"><\/textarea><\/span> <\/label>\n<\/p>\n<p><input class=\"wpcf7-form-control wpcf7-submit has-spinner\" type=\"submit\" value=\"Senden\" \/>\n<\/p><div class=\"wpcf7-response-output\" aria-hidden=\"true\"><\/div>\n<\/form>\n<\/div>\n<\/p>\n","protected":false},"excerpt":{"rendered":"<p>Anfrage nach Foto-, Slider- oder Videolizenzen, z.B. f\u00fcr Ihr Unternehmen, Ihre Organisation, Ihre Online- oder Verlagsver\u00f6ffentlichung, richten Sie ...<\/p>","protected":false},"author":2,"featured_media":0,"parent":0,"menu_order":0,"comment_status":"closed","ping_status":"closed","template":"","meta":{"footnotes":""},"yoast_head":"<!-- This site is optimized with the Yoast SEO plugin v21.9.1 - https:\/\/yoast.com\/wordpress\/plugins\/seo\/ -->\n<title>Lizenzanfrage - flatworldphoto<\/title>\n<meta name=\"robots\" content=\"index, follow, max-snippet:-1, max-image-preview:large, max-video-preview:-1\" \/>\n<link rel=\"canonical\" href=\"https:\/\/www.flatworldphoto.com\/griechenland\/lizenzanfrage\/\" \/>\n<meta property=\"og:locale\" content=\"de_DE\" \/>\n<meta property=\"og:type\" content=\"article\" \/>\n<meta property=\"og:title\" content=\"Lizenzanfrage - flatworldphoto\" \/>\n<meta property=\"og:description\" content=\"Anfrage nach Foto-, Slider- oder Videolizenzen, z.B. f\u00fcr Ihr Unternehmen, Ihre Organisation, Ihre Online- oder Verlagsver\u00f6ffentlichung, richten Sie bitte an \u00a0info@flatworldphoto.com oder nutzen Sie gerne das Kontaktformular unten. &nbsp; Die nachfolgenden Lizenzierungsm\u00f6glichkeiten richten sich nur an Unternehmer im Sinne des \u00a7 14 des B\u00fcrgerlichen Gesetzbuches (nat\u00fcrliche oder juristische Personen oder rechtsf\u00e4hige Personengesellschaften, die bei Abschluss [&hellip;]\" \/>\n<meta property=\"og:url\" content=\"https:\/\/www.flatworldphoto.com\/griechenland\/lizenzanfrage\/\" \/>\n<meta property=\"og:site_name\" content=\"flatworldphoto\" \/>\n<meta property=\"article:modified_time\" content=\"2024-03-01T15:21:02+00:00\" \/>\n<meta name=\"twitter:card\" content=\"summary_large_image\" \/>\n<meta name=\"twitter:label1\" content=\"Gesch\u00e4tzte Lesezeit\" \/>\n\t<meta name=\"twitter:data1\" content=\"2 Minuten\" \/>\n<script type=\"application\/ld+json\" class=\"yoast-schema-graph\">{\"@context\":\"https:\/\/schema.org\",\"@graph\":[{\"@type\":\"WebPage\",\"@id\":\"https:\/\/www.flatworldphoto.com\/griechenland\/lizenzanfrage\/\",\"url\":\"https:\/\/www.flatworldphoto.com\/griechenland\/lizenzanfrage\/\",\"name\":\"Lizenzanfrage - flatworldphoto\",\"isPartOf\":{\"@id\":\"https:\/\/www.flatworldphoto.com\/griechenland\/#website\"},\"datePublished\":\"2024-02-07T07:46:04+00:00\",\"dateModified\":\"2024-03-01T15:21:02+00:00\",\"breadcrumb\":{\"@id\":\"https:\/\/www.flatworldphoto.com\/griechenland\/lizenzanfrage\/#breadcrumb\"},\"inLanguage\":\"de-DE\",\"potentialAction\":[{\"@type\":\"ReadAction\",\"target\":[\"https:\/\/www.flatworldphoto.com\/griechenland\/lizenzanfrage\/\"]}]},{\"@type\":\"BreadcrumbList\",\"@id\":\"https:\/\/www.flatworldphoto.com\/griechenland\/lizenzanfrage\/#breadcrumb\",\"itemListElement\":[{\"@type\":\"ListItem\",\"position\":1,\"name\":\"Startseite\",\"item\":\"https:\/\/www.flatworldphoto.com\/griechenland\/\"},{\"@type\":\"ListItem\",\"position\":2,\"name\":\"Lizenzanfrage\"}]},{\"@type\":\"WebSite\",\"@id\":\"https:\/\/www.flatworldphoto.com\/griechenland\/#website\",\"url\":\"https:\/\/www.flatworldphoto.com\/griechenland\/\",\"name\":\"flatworldphoto\",\"description\":\"Fotoreportage | Griechenland\",\"potentialAction\":[{\"@type\":\"SearchAction\",\"target\":{\"@type\":\"EntryPoint\",\"urlTemplate\":\"https:\/\/www.flatworldphoto.com\/griechenland\/?s={search_term_string}\"},\"query-input\":\"required name=search_term_string\"}],\"inLanguage\":\"de-DE\"}]}<\/script>\n<!-- \/ Yoast SEO plugin. -->","yoast_head_json":{"title":"Lizenzanfrage - flatworldphoto","robots":{"index":"index","follow":"follow","max-snippet":"max-snippet:-1","max-image-preview":"max-image-preview:large","max-video-preview":"max-video-preview:-1"},"canonical":"https:\/\/www.flatworldphoto.com\/griechenland\/lizenzanfrage\/","og_locale":"de_DE","og_type":"article","og_title":"Lizenzanfrage - flatworldphoto","og_description":"Anfrage nach Foto-, Slider- oder Videolizenzen, z.B. f\u00fcr Ihr Unternehmen, Ihre Organisation, Ihre Online- oder Verlagsver\u00f6ffentlichung, richten Sie bitte an \u00a0info@flatworldphoto.com oder nutzen Sie gerne das Kontaktformular unten. &nbsp; Die nachfolgenden Lizenzierungsm\u00f6glichkeiten richten sich nur an Unternehmer im Sinne des \u00a7 14 des B\u00fcrgerlichen Gesetzbuches (nat\u00fcrliche oder juristische Personen oder rechtsf\u00e4hige Personengesellschaften, die bei Abschluss [&hellip;]","og_url":"https:\/\/www.flatworldphoto.com\/griechenland\/lizenzanfrage\/","og_site_name":"flatworldphoto","article_modified_time":"2024-03-01T15:21:02+00:00","twitter_card":"summary_large_image","twitter_misc":{"Gesch\u00e4tzte Lesezeit":"2 Minuten"},"schema":{"@context":"https:\/\/schema.org","@graph":[{"@type":"WebPage","@id":"https:\/\/www.flatworldphoto.com\/griechenland\/lizenzanfrage\/","url":"https:\/\/www.flatworldphoto.com\/griechenland\/lizenzanfrage\/","name":"Lizenzanfrage - flatworldphoto","isPartOf":{"@id":"https:\/\/www.flatworldphoto.com\/griechenland\/#website"},"datePublished":"2024-02-07T07:46:04+00:00","dateModified":"2024-03-01T15:21:02+00:00","breadcrumb":{"@id":"https:\/\/www.flatworldphoto.com\/griechenland\/lizenzanfrage\/#breadcrumb"},"inLanguage":"de-DE","potentialAction":[{"@type":"ReadAction","target":["https:\/\/www.flatworldphoto.com\/griechenland\/lizenzanfrage\/"]}]},{"@type":"BreadcrumbList","@id":"https:\/\/www.flatworldphoto.com\/griechenland\/lizenzanfrage\/#breadcrumb","itemListElement":[{"@type":"ListItem","position":1,"name":"Startseite","item":"https:\/\/www.flatworldphoto.com\/griechenland\/"},{"@type":"ListItem","position":2,"name":"Lizenzanfrage"}]},{"@type":"WebSite","@id":"https:\/\/www.flatworldphoto.com\/griechenland\/#website","url":"https:\/\/www.flatworldphoto.com\/griechenland\/","name":"flatworldphoto","description":"Fotoreportage | Griechenland","potentialAction":[{"@type":"SearchAction","target":{"@type":"EntryPoint","urlTemplate":"https:\/\/www.flatworldphoto.com\/griechenland\/?s={search_term_string}"},"query-input":"required name=search_term_string"}],"inLanguage":"de-DE"}]}},"_links":{"self":[{"href":"https:\/\/www.flatworldphoto.com\/griechenland\/wp-json\/wp\/v2\/pages\/551"}],"collection":[{"href":"https:\/\/www.flatworldphoto.com\/griechenland\/wp-json\/wp\/v2\/pages"}],"about":[{"href":"https:\/\/www.flatworldphoto.com\/griechenland\/wp-json\/wp\/v2\/types\/page"}],"author":[{"embeddable":true,"href":"https:\/\/www.flatworldphoto.com\/griechenland\/wp-json\/wp\/v2\/users\/2"}],"replies":[{"embeddable":true,"href":"https:\/\/www.flatworldphoto.com\/griechenland\/wp-json\/wp\/v2\/comments?post=551"}],"version-history":[{"count":18,"href":"https:\/\/www.flatworldphoto.com\/griechenland\/wp-json\/wp\/v2\/pages\/551\/revisions"}],"predecessor-version":[{"id":571,"href":"https:\/\/www.flatworldphoto.com\/griechenland\/wp-json\/wp\/v2\/pages\/551\/revisions\/571"}],"wp:attachment":[{"href":"https:\/\/www.flatworldphoto.com\/griechenland\/wp-json\/wp\/v2\/media?parent=551"}],"curies":[{"name":"wp","href":"https:\/\/api.w.org\/{rel}","templated":true}]}}